{"id":2058,"date":"2025-03-31T22:23:50","date_gmt":"2025-04-01T03:23:50","guid":{"rendered":"https:\/\/mgpromocionales.co\/?post_type=product&#038;p=2058"},"modified":"2025-04-01T19:02:06","modified_gmt":"2025-04-02T00:02:06","slug":"boligrafo-turin-oceano","status":"publish","type":"product","link":"https:\/\/mgpromocionales.co\/index.php\/product\/boligrafo-turin-oceano\/","title":{"rendered":"Bol\u00edgrafo Turin Oceano"},"content":{"rendered":"<h6><img loading=\"lazy\" decoding=\"async\" class=\"alignnone wp-image-2060\" src=\"https:\/\/mgpromocionales.co\/wp-content\/uploads\/2025\/03\/PLASTICO-RECUPERADO-DEL-OCEANO-300x300.png\" alt=\"\" width=\"77\" height=\"77\" srcset=\"https:\/\/mgpromocionales.co\/wp-content\/uploads\/2025\/03\/PLASTICO-RECUPERADO-DEL-OCEANO-300x300.png 300w, https:\/\/mgpromocionales.co\/wp-content\/uploads\/2025\/03\/PLASTICO-RECUPERADO-DEL-OCEANO-1024x1024.png 1024w, https:\/\/mgpromocionales.co\/wp-content\/uploads\/2025\/03\/PLASTICO-RECUPERADO-DEL-OCEANO-150x150.png 150w, https:\/\/mgpromocionales.co\/wp-content\/uploads\/2025\/03\/PLASTICO-RECUPERADO-DEL-OCEANO-768x768.png 768w, https:\/\/mgpromocionales.co\/wp-content\/uploads\/2025\/03\/PLASTICO-RECUPERADO-DEL-OCEANO-800x800.png 800w, https:\/\/mgpromocionales.co\/wp-content\/uploads\/2025\/03\/PLASTICO-RECUPERADO-DEL-OCEANO-700x700.png 700w, https:\/\/mgpromocionales.co\/wp-content\/uploads\/2025\/03\/PLASTICO-RECUPERADO-DEL-OCEANO-100x100.png 100w, https:\/\/mgpromocionales.co\/wp-content\/uploads\/2025\/03\/PLASTICO-RECUPERADO-DEL-OCEANO.png 1080w\" sizes=\"(max-width: 77px) 100vw, 77px\" \/>Bol\u00edgrafos Elaborados con Pl\u00e1stico Recuperado del Oc\u00e9ano. Recuerda que, al elegir productos fabricados a partir de pl\u00e1stico reciclado de los oc\u00e9anos, est\u00e1s apoyando la limpieza de nuestros mares y reduciendo la contaminaci\u00f3n. \u00a1Cada peque\u00f1a acci\u00f3n cuenta!<\/h6>\n","protected":false},"excerpt":{"rendered":"<p class=\"ng-star-inserted\">Bol\u00edgrafo elaborado en pl\u00e1stico PP recuperado del oc\u00e9ano, con clip en cart\u00f3n reciclado y sistema retr\u00e1ctil.<\/p>\n<div class=\"py-3\">\n<ul>\n<li><b>MATERIAL:\u00a0<\/b>PP Reciclado del Oc\u00e9ano<\/li>\n<li><b>MEDIDAS:\u00a0<\/b>14,2 cm x 1 cm.<\/li>\n<\/ul>\n<h5><strong>Colores disponibles:<\/strong><img loading=\"lazy\" decoding=\"async\" class=\"alignnone wp-image-2061\" src=\"https:\/\/mgpromocionales.co\/wp-content\/uploads\/2025\/03\/colores-turin.png\" alt=\"\" width=\"130\" height=\"30\" \/><\/h5>\n<\/div>\n","protected":false},"featured_media":2059,"comment_status":"open","ping_status":"closed","template":"","meta":{"_kadence_starter_templates_imported_post":false,"_kad_post_transparent":"default","_kad_post_title":"","_kad_post_layout":"default","_kad_post_sidebar_id":"","_kad_post_content_style":"default","_kad_post_vertical_padding":"default","_kad_post_feature":"","_kad_post_feature_position":"","_kad_post_header":false,"_kad_post_footer":false},"product_brand":[],"product_cat":[25,39],"product_tag":[31,30,29],"class_list":{"0":"post-2058","1":"product","2":"type-product","3":"status-publish","4":"has-post-thumbnail","6":"product_cat-boligrafos","7":"product_cat-boligrafos-ecologicos","8":"product_tag-boligrafos","9":"product_tag-ecologicos","10":"product_tag-escritura","12":"first","13":"instock","14":"shipping-taxable","15":"product-type-simple","16":"entry","17":"content-bg","18":"loop-entry"},"_links":{"self":[{"href":"https:\/\/mgpromocionales.co\/index.php\/wp-json\/wp\/v2\/product\/2058"}],"collection":[{"href":"https:\/\/mgpromocionales.co\/index.php\/wp-json\/wp\/v2\/product"}],"about":[{"href":"https:\/\/mgpromocionales.co\/index.php\/wp-json\/wp\/v2\/types\/product"}],"replies":[{"embeddable":true,"href":"https:\/\/mgpromocionales.co\/index.php\/wp-json\/wp\/v2\/comments?post=2058"}],"wp:featuredmedia":[{"embeddable":true,"href":"https:\/\/mgpromocionales.co\/index.php\/wp-json\/wp\/v2\/media\/2059"}],"wp:attachment":[{"href":"https:\/\/mgpromocionales.co\/index.php\/wp-json\/wp\/v2\/media?parent=2058"}],"wp:term":[{"taxonomy":"product_brand","embeddable":true,"href":"https:\/\/mgpromocionales.co\/index.php\/wp-json\/wp\/v2\/product_brand?post=2058"},{"taxonomy":"product_cat","embeddable":true,"href":"https:\/\/mgpromocionales.co\/index.php\/wp-json\/wp\/v2\/product_cat?post=2058"},{"taxonomy":"product_tag","embeddable":true,"href":"https:\/\/mgpromocionales.co\/index.php\/wp-json\/wp\/v2\/product_tag?post=2058"}],"curies":[{"name":"wp","href":"https:\/\/api.w.org\/{rel}","templated":true}]}}