{"id":2106,"date":"2025-04-01T15:42:24","date_gmt":"2025-04-01T20:42:24","guid":{"rendered":"https:\/\/mgpromocionales.co\/?post_type=product&#038;p=2106"},"modified":"2025-04-01T19:00:07","modified_gmt":"2025-04-02T00:00:07","slug":"boligrafo-deli-paja-de-trigo","status":"publish","type":"product","link":"https:\/\/mgpromocionales.co\/index.php\/product\/boligrafo-deli-paja-de-trigo\/","title":{"rendered":"Bol\u00edgrafo Deli Paja de Trigo"},"content":{"rendered":"<h6><img loading=\"lazy\" decoding=\"async\" class=\"alignnone wp-image-2040\" src=\"https:\/\/mgpromocionales.co\/wp-content\/uploads\/2025\/03\/paja-trigo-300x300.png\" alt=\"Botella Litro Trigo\" width=\"61\" height=\"61\" srcset=\"https:\/\/mgpromocionales.co\/wp-content\/uploads\/2025\/03\/paja-trigo-300x300.png 300w, https:\/\/mgpromocionales.co\/wp-content\/uploads\/2025\/03\/paja-trigo-100x100.png 100w, https:\/\/mgpromocionales.co\/wp-content\/uploads\/2025\/03\/paja-trigo-150x150.png 150w, https:\/\/mgpromocionales.co\/wp-content\/uploads\/2025\/03\/paja-trigo.png 525w\" sizes=\"(max-width: 61px) 100vw, 61px\" \/><\/h6>\n<h6>La paja de trigo, tambi\u00e9n conocida como fibra de trigo o ca\u00f1a de trigo, se ha convertido en un material eco-amigable ampliamente utilizado en la fabricaci\u00f3n de productos sostenibles. Los bol\u00edgrafos con cuerpo de paja de trigo son una alternativa sostenible a los bol\u00edgrafos tradicionales. Est\u00e1n compuestos por un 60% de paja de trigo y un 40% de ABS. La fibra de trigo les proporciona resistencia y durabilidad, mientras que el ABS garantiza una escritura suave y c\u00f3moda.<\/h6>\n","protected":false},"excerpt":{"rendered":"<p class=\"ng-star-inserted\">Bol\u00edgrafo ecol\u00f3gico con sistema retr\u00e1ctil.<\/p>\n<div class=\"py-3\">\n<ul>\n<li><b>MATERIAL:\u00a0<\/b>Paja de Trigo<\/li>\n<li><b>MEDIDAS:\u00a0<\/b>14 cm de largo.<\/li>\n<\/ul>\n<h5><strong>Colores disponibles: <img loading=\"lazy\" decoding=\"async\" class=\"alignnone wp-image-2107\" src=\"https:\/\/mgpromocionales.co\/wp-content\/uploads\/2025\/04\/deli-paja-de-trigo.png\" alt=\"\" width=\"143\" height=\"26\" \/><\/strong><\/h5>\n<\/div>\n","protected":false},"featured_media":2109,"comment_status":"open","ping_status":"closed","template":"","meta":{"_kadence_starter_templates_imported_post":false,"_kad_post_transparent":"default","_kad_post_title":"","_kad_post_layout":"default","_kad_post_sidebar_id":"","_kad_post_content_style":"default","_kad_post_vertical_padding":"default","_kad_post_feature":"","_kad_post_feature_position":"","_kad_post_header":false,"_kad_post_footer":false},"product_brand":[],"product_cat":[25,39],"product_tag":[31,30,29,26],"class_list":{"0":"post-2106","1":"product","2":"type-product","3":"status-publish","4":"has-post-thumbnail","6":"product_cat-boligrafos","7":"product_cat-boligrafos-ecologicos","8":"product_tag-boligrafos","9":"product_tag-ecologicos","10":"product_tag-escritura","11":"product_tag-paja-de-trigo","13":"first","14":"instock","15":"shipping-taxable","16":"product-type-simple","17":"entry","18":"content-bg","19":"loop-entry"},"_links":{"self":[{"href":"https:\/\/mgpromocionales.co\/index.php\/wp-json\/wp\/v2\/product\/2106"}],"collection":[{"href":"https:\/\/mgpromocionales.co\/index.php\/wp-json\/wp\/v2\/product"}],"about":[{"href":"https:\/\/mgpromocionales.co\/index.php\/wp-json\/wp\/v2\/types\/product"}],"replies":[{"embeddable":true,"href":"https:\/\/mgpromocionales.co\/index.php\/wp-json\/wp\/v2\/comments?post=2106"}],"wp:featuredmedia":[{"embeddable":true,"href":"https:\/\/mgpromocionales.co\/index.php\/wp-json\/wp\/v2\/media\/2109"}],"wp:attachment":[{"href":"https:\/\/mgpromocionales.co\/index.php\/wp-json\/wp\/v2\/media?parent=2106"}],"wp:term":[{"taxonomy":"product_brand","embeddable":true,"href":"https:\/\/mgpromocionales.co\/index.php\/wp-json\/wp\/v2\/product_brand?post=2106"},{"taxonomy":"product_cat","embeddable":true,"href":"https:\/\/mgpromocionales.co\/index.php\/wp-json\/wp\/v2\/product_cat?post=2106"},{"taxonomy":"product_tag","embeddable":true,"href":"https:\/\/mgpromocionales.co\/index.php\/wp-json\/wp\/v2\/product_tag?post=2106"}],"curies":[{"name":"wp","href":"https:\/\/api.w.org\/{rel}","templated":true}]}}