{"id":2140,"date":"2025-04-01T17:58:10","date_gmt":"2025-04-01T22:58:10","guid":{"rendered":"https:\/\/mgpromocionales.co\/?post_type=product&#038;p=2140"},"modified":"2025-04-01T18:56:22","modified_gmt":"2025-04-01T23:56:22","slug":"boligrafo-montreal-eco","status":"publish","type":"product","link":"https:\/\/mgpromocionales.co\/index.php\/product\/boligrafo-montreal-eco\/","title":{"rendered":"Bol\u00edgrafo Montreal Eco"},"content":{"rendered":"","protected":false},"excerpt":{"rendered":"<p class=\"ng-star-inserted\"><span style=\"vertical-align: inherit;\"><span style=\"vertical-align: inherit;\">Bol\u00edgrafo con sistema de apertura retr\u00e1ctil en barril de cart\u00f3n y clip met\u00e1lico.<\/span><\/span><\/p>\n<div class=\"py-3\">\n<ul>\n<li><b><span style=\"vertical-align: inherit;\"><span style=\"vertical-align: inherit;\">MATERIAL:\u00a0<\/span><\/span><\/b><span style=\"vertical-align: inherit;\"><span style=\"vertical-align: inherit;\"> Papel Reciclado<\/span><\/span><\/li>\n<li><b><span style=\"vertical-align: inherit;\"><span style=\"vertical-align: inherit;\">MEDIDAS:\u00a0<\/span><\/span><\/b><span style=\"vertical-align: inherit;\"><span style=\"vertical-align: inherit;\"> 14 cm de largo.<\/span><\/span><\/li>\n<\/ul>\n<h5><strong><span style=\"vertical-align: inherit;\"><span style=\"vertical-align: inherit;\">Colores disponibles<\/span><\/span><\/strong><span style=\"vertical-align: inherit;\"><span style=\"vertical-align: inherit;\"> :<\/span><\/span><img loading=\"lazy\" decoding=\"async\" class=\"alignnone wp-image-2141\" src=\"https:\/\/mgpromocionales.co\/wp-content\/uploads\/2025\/04\/montreal-eco.png\" alt=\"\" width=\"52\" height=\"25\" \/><\/h5>\n<\/div>\n","protected":false},"featured_media":2142,"comment_status":"open","ping_status":"closed","template":"","meta":{"_kadence_starter_templates_imported_post":false,"_kad_post_transparent":"default","_kad_post_title":"","_kad_post_layout":"default","_kad_post_sidebar_id":"","_kad_post_content_style":"default","_kad_post_vertical_padding":"default","_kad_post_feature":"","_kad_post_feature_position":"","_kad_post_header":false,"_kad_post_footer":false},"product_brand":[],"product_cat":[25,39],"product_tag":[31,30,29,37],"class_list":{"0":"post-2140","1":"product","2":"type-product","3":"status-publish","4":"has-post-thumbnail","6":"product_cat-boligrafos","7":"product_cat-boligrafos-ecologicos","8":"product_tag-boligrafos","9":"product_tag-ecologicos","10":"product_tag-escritura","11":"product_tag-papel-reciclado","13":"first","14":"instock","15":"shipping-taxable","16":"product-type-simple","17":"entry","18":"content-bg","19":"loop-entry"},"_links":{"self":[{"href":"https:\/\/mgpromocionales.co\/index.php\/wp-json\/wp\/v2\/product\/2140"}],"collection":[{"href":"https:\/\/mgpromocionales.co\/index.php\/wp-json\/wp\/v2\/product"}],"about":[{"href":"https:\/\/mgpromocionales.co\/index.php\/wp-json\/wp\/v2\/types\/product"}],"replies":[{"embeddable":true,"href":"https:\/\/mgpromocionales.co\/index.php\/wp-json\/wp\/v2\/comments?post=2140"}],"wp:featuredmedia":[{"embeddable":true,"href":"https:\/\/mgpromocionales.co\/index.php\/wp-json\/wp\/v2\/media\/2142"}],"wp:attachment":[{"href":"https:\/\/mgpromocionales.co\/index.php\/wp-json\/wp\/v2\/media?parent=2140"}],"wp:term":[{"taxonomy":"product_brand","embeddable":true,"href":"https:\/\/mgpromocionales.co\/index.php\/wp-json\/wp\/v2\/product_brand?post=2140"},{"taxonomy":"product_cat","embeddable":true,"href":"https:\/\/mgpromocionales.co\/index.php\/wp-json\/wp\/v2\/product_cat?post=2140"},{"taxonomy":"product_tag","embeddable":true,"href":"https:\/\/mgpromocionales.co\/index.php\/wp-json\/wp\/v2\/product_tag?post=2140"}],"curies":[{"name":"wp","href":"https:\/\/api.w.org\/{rel}","templated":true}]}}