{"id":2169,"date":"2025-04-01T21:21:34","date_gmt":"2025-04-02T02:21:34","guid":{"rendered":"https:\/\/mgpromocionales.co\/?post_type=product&#038;p=2169"},"modified":"2025-04-01T21:21:34","modified_gmt":"2025-04-02T02:21:34","slug":"boligrafo-austria-bambu","status":"publish","type":"product","link":"https:\/\/mgpromocionales.co\/index.php\/product\/boligrafo-austria-bambu\/","title":{"rendered":"Bol\u00edgrafo Austria Bamb\u00fa"},"content":{"rendered":"<h6><img loading=\"lazy\" decoding=\"async\" class=\"alignnone wp-image-2125\" src=\"https:\/\/mgpromocionales.co\/wp-content\/uploads\/2025\/04\/BAMBu-1.png\" alt=\"\" width=\"71\" height=\"71\" srcset=\"https:\/\/mgpromocionales.co\/wp-content\/uploads\/2025\/04\/BAMBu-1.png 150w, https:\/\/mgpromocionales.co\/wp-content\/uploads\/2025\/04\/BAMBu-1-100x100.png 100w\" sizes=\"(max-width: 71px) 100vw, 71px\" \/>La fibra del bamb\u00fa es un tipo de fibra reciclable, algunas de sus ventajas son:<\/h6>\n<ul>\n<li>\n<h6>Buena permeabilidad e higroscopicidad (Propiedad de absorber la humedad).<\/h6>\n<\/li>\n<li>\n<h6>Los productos telados son suaves y blandos.<\/h6>\n<\/li>\n<li>\n<h6>Su acci\u00f3n bactericida natural elimina los malos olores.<\/h6>\n<\/li>\n<li>\n<h6>Anti-rayo ultravioleta.<\/h6>\n<\/li>\n<li>\n<h6>100% biodegradable. Se puede descomponer completamente en la tierra.<\/h6>\n<\/li>\n<li>\n<h6>Gran resistencia y larga duraci\u00f3n.<\/h6>\n<\/li>\n<\/ul>\n","protected":false},"excerpt":{"rendered":"<p class=\"ng-star-inserted\">Bol\u00edgrafo ecol\u00f3gico con sistema retr\u00e1ctil y clip met\u00e1lico<\/p>\n<div class=\"py-3\">\n<ul>\n<li><b>MATERIAL:\u00a0<\/b>Bamb\u00fa + Paja de Trigo<\/li>\n<li><b>MEDIDAS:\u00a0<\/b>14 cm de largo.<\/li>\n<\/ul>\n<h5><strong>Colores disponibles: <img loading=\"lazy\" decoding=\"async\" class=\"alignnone  wp-image-2171\" src=\"https:\/\/mgpromocionales.co\/wp-content\/uploads\/2025\/04\/Austria-Bambu.png\" alt=\"\" width=\"103\" height=\"24\" \/><\/strong><\/h5>\n<\/div>\n","protected":false},"featured_media":2173,"comment_status":"open","ping_status":"closed","template":"","meta":{"_kadence_starter_templates_imported_post":false,"_kad_post_transparent":"default","_kad_post_title":"","_kad_post_layout":"default","_kad_post_sidebar_id":"","_kad_post_content_style":"default","_kad_post_vertical_padding":"default","_kad_post_feature":"","_kad_post_feature_position":"","_kad_post_header":false,"_kad_post_footer":false},"product_brand":[],"product_cat":[25,39],"product_tag":[36,31,30,29],"class_list":{"0":"post-2169","1":"product","2":"type-product","3":"status-publish","4":"has-post-thumbnail","6":"product_cat-boligrafos","7":"product_cat-boligrafos-ecologicos","8":"product_tag-bambu","9":"product_tag-boligrafos","10":"product_tag-ecologicos","11":"product_tag-escritura","13":"first","14":"instock","15":"shipping-taxable","16":"product-type-simple","17":"entry","18":"content-bg","19":"loop-entry"},"_links":{"self":[{"href":"https:\/\/mgpromocionales.co\/index.php\/wp-json\/wp\/v2\/product\/2169"}],"collection":[{"href":"https:\/\/mgpromocionales.co\/index.php\/wp-json\/wp\/v2\/product"}],"about":[{"href":"https:\/\/mgpromocionales.co\/index.php\/wp-json\/wp\/v2\/types\/product"}],"replies":[{"embeddable":true,"href":"https:\/\/mgpromocionales.co\/index.php\/wp-json\/wp\/v2\/comments?post=2169"}],"wp:featuredmedia":[{"embeddable":true,"href":"https:\/\/mgpromocionales.co\/index.php\/wp-json\/wp\/v2\/media\/2173"}],"wp:attachment":[{"href":"https:\/\/mgpromocionales.co\/index.php\/wp-json\/wp\/v2\/media?parent=2169"}],"wp:term":[{"taxonomy":"product_brand","embeddable":true,"href":"https:\/\/mgpromocionales.co\/index.php\/wp-json\/wp\/v2\/product_brand?post=2169"},{"taxonomy":"product_cat","embeddable":true,"href":"https:\/\/mgpromocionales.co\/index.php\/wp-json\/wp\/v2\/product_cat?post=2169"},{"taxonomy":"product_tag","embeddable":true,"href":"https:\/\/mgpromocionales.co\/index.php\/wp-json\/wp\/v2\/product_tag?post=2169"}],"curies":[{"name":"wp","href":"https:\/\/api.w.org\/{rel}","templated":true}]}}