{"id":2184,"date":"2025-04-01T22:01:35","date_gmt":"2025-04-02T03:01:35","guid":{"rendered":"https:\/\/mgpromocionales.co\/?post_type=product&#038;p=2184"},"modified":"2025-04-01T22:01:35","modified_gmt":"2025-04-02T03:01:35","slug":"boligrafo-madeira","status":"publish","type":"product","link":"https:\/\/mgpromocionales.co\/index.php\/product\/boligrafo-madeira\/","title":{"rendered":"Bol\u00edgrafo Madeira"},"content":{"rendered":"<h6><img loading=\"lazy\" decoding=\"async\" class=\"alignnone  wp-image-2185\" src=\"https:\/\/mgpromocionales.co\/wp-content\/uploads\/2025\/04\/Ecofriendly_.jpg\" alt=\"\" width=\"86\" height=\"39\" \/> Nuestro planeta nos invita a diario a trabajar en su cuidado, por esta raz\u00f3n ofrecemos en nuestro portafolio una gran variedad de productos amigables con el medio ambiente. Promocionales reutilizables \u00f3 elaborados en materiales biodegradables:<br \/>\nBolsas reutilizables en Kambrel o tela no tejida (Nonwoven), bol\u00edgrafos en bamb\u00fa y cart\u00f3n reciclado, libretas elaboradas con papel reciclado, botellas personales reutilizables que evitan el alto consumo de pl\u00e1stico masivo, art\u00edculos elaborados en paja de trigo \u00f3 fibra de bamb\u00fa.<\/h6>\n","protected":false},"excerpt":{"rendered":"<p class=\"ng-star-inserted\">Bol\u00edgrafo ecol\u00f3gico sistema retr\u00e1ctil.<\/p>\n<div class=\"py-3\">\n<ul>\n<li><b>MATERIAL:\u00a0<\/b>ABS + Cart\u00f3n reciclado.<\/li>\n<li><b>MEDIDAS:\u00a0<\/b>14 cm de largo.<\/li>\n<\/ul>\n<h5><strong>Colores disponibles: <img loading=\"lazy\" decoding=\"async\" class=\"alignnone  wp-image-2186\" src=\"https:\/\/mgpromocionales.co\/wp-content\/uploads\/2025\/04\/ES0005-Boligrafo-Madeira.png\" alt=\"\" width=\"145\" height=\"31\" \/><\/strong><\/h5>\n<\/div>\n","protected":false},"featured_media":2187,"comment_status":"open","ping_status":"closed","template":"","meta":{"_kadence_starter_templates_imported_post":false,"_kad_post_transparent":"default","_kad_post_title":"","_kad_post_layout":"default","_kad_post_sidebar_id":"","_kad_post_content_style":"default","_kad_post_vertical_padding":"default","_kad_post_feature":"","_kad_post_feature_position":"","_kad_post_header":false,"_kad_post_footer":false},"product_brand":[],"product_cat":[25,39],"product_tag":[31,40,30,29],"class_list":{"0":"post-2184","1":"product","2":"type-product","3":"status-publish","4":"has-post-thumbnail","6":"product_cat-boligrafos","7":"product_cat-boligrafos-ecologicos","8":"product_tag-boligrafos","9":"product_tag-carton-reciclabe","10":"product_tag-ecologicos","11":"product_tag-escritura","13":"first","14":"instock","15":"shipping-taxable","16":"product-type-simple","17":"entry","18":"content-bg","19":"loop-entry"},"_links":{"self":[{"href":"https:\/\/mgpromocionales.co\/index.php\/wp-json\/wp\/v2\/product\/2184"}],"collection":[{"href":"https:\/\/mgpromocionales.co\/index.php\/wp-json\/wp\/v2\/product"}],"about":[{"href":"https:\/\/mgpromocionales.co\/index.php\/wp-json\/wp\/v2\/types\/product"}],"replies":[{"embeddable":true,"href":"https:\/\/mgpromocionales.co\/index.php\/wp-json\/wp\/v2\/comments?post=2184"}],"wp:featuredmedia":[{"embeddable":true,"href":"https:\/\/mgpromocionales.co\/index.php\/wp-json\/wp\/v2\/media\/2187"}],"wp:attachment":[{"href":"https:\/\/mgpromocionales.co\/index.php\/wp-json\/wp\/v2\/media?parent=2184"}],"wp:term":[{"taxonomy":"product_brand","embeddable":true,"href":"https:\/\/mgpromocionales.co\/index.php\/wp-json\/wp\/v2\/product_brand?post=2184"},{"taxonomy":"product_cat","embeddable":true,"href":"https:\/\/mgpromocionales.co\/index.php\/wp-json\/wp\/v2\/product_cat?post=2184"},{"taxonomy":"product_tag","embeddable":true,"href":"https:\/\/mgpromocionales.co\/index.php\/wp-json\/wp\/v2\/product_tag?post=2184"}],"curies":[{"name":"wp","href":"https:\/\/api.w.org\/{rel}","templated":true}]}}