{"id":2227,"date":"2025-04-02T21:51:22","date_gmt":"2025-04-03T02:51:22","guid":{"rendered":"https:\/\/mgpromocionales.co\/?post_type=product&#038;p=2227"},"modified":"2025-04-02T21:51:22","modified_gmt":"2025-04-03T02:51:22","slug":"boligrafo-belmont","status":"publish","type":"product","link":"https:\/\/mgpromocionales.co\/index.php\/product\/boligrafo-belmont\/","title":{"rendered":"Bol\u00edgrafo Belmont"},"content":{"rendered":"","protected":false},"excerpt":{"rendered":"<p class=\"ng-star-inserted\">Bol\u00edgrafo con cuerpo de color de goma suave, clip met\u00e1lico brillante sistema de apertura retr\u00e1ctil.<\/p>\n<div class=\"py-3\">\n<ul>\n<li><b>MATERIAL:\u00a0<\/b>Aluminio<\/li>\n<li><b>MEDIDAS:\u00a0<\/b>14,2 cm de largo.<\/li>\n<\/ul>\n<h5><strong>Colores disponibles: <img loading=\"lazy\" decoding=\"async\" class=\"alignnone  wp-image-2228\" src=\"https:\/\/mgpromocionales.co\/wp-content\/uploads\/2025\/04\/Boligrafo-Belmont-colors.png\" alt=\"Bol\u00edgrafo Belmont\" width=\"102\" height=\"25\" \/><\/strong><\/h5>\n<\/div>\n","protected":false},"featured_media":2231,"comment_status":"open","ping_status":"closed","template":"","meta":{"_kadence_starter_templates_imported_post":false,"_kad_post_transparent":"default","_kad_post_title":"","_kad_post_layout":"default","_kad_post_sidebar_id":"","_kad_post_content_style":"default","_kad_post_vertical_padding":"default","_kad_post_feature":"","_kad_post_feature_position":"","_kad_post_header":false,"_kad_post_footer":false},"product_brand":[],"product_cat":[25,38],"product_tag":[31,29,42],"class_list":{"0":"post-2227","1":"product","2":"type-product","3":"status-publish","4":"has-post-thumbnail","6":"product_cat-boligrafos","7":"product_cat-boligrafos-metalicos","8":"product_tag-boligrafos","9":"product_tag-escritura","10":"product_tag-metalicos","12":"first","13":"instock","14":"shipping-taxable","15":"product-type-simple","16":"entry","17":"content-bg","18":"loop-entry"},"_links":{"self":[{"href":"https:\/\/mgpromocionales.co\/index.php\/wp-json\/wp\/v2\/product\/2227"}],"collection":[{"href":"https:\/\/mgpromocionales.co\/index.php\/wp-json\/wp\/v2\/product"}],"about":[{"href":"https:\/\/mgpromocionales.co\/index.php\/wp-json\/wp\/v2\/types\/product"}],"replies":[{"embeddable":true,"href":"https:\/\/mgpromocionales.co\/index.php\/wp-json\/wp\/v2\/comments?post=2227"}],"wp:featuredmedia":[{"embeddable":true,"href":"https:\/\/mgpromocionales.co\/index.php\/wp-json\/wp\/v2\/media\/2231"}],"wp:attachment":[{"href":"https:\/\/mgpromocionales.co\/index.php\/wp-json\/wp\/v2\/media?parent=2227"}],"wp:term":[{"taxonomy":"product_brand","embeddable":true,"href":"https:\/\/mgpromocionales.co\/index.php\/wp-json\/wp\/v2\/product_brand?post=2227"},{"taxonomy":"product_cat","embeddable":true,"href":"https:\/\/mgpromocionales.co\/index.php\/wp-json\/wp\/v2\/product_cat?post=2227"},{"taxonomy":"product_tag","embeddable":true,"href":"https:\/\/mgpromocionales.co\/index.php\/wp-json\/wp\/v2\/product_tag?post=2227"}],"curies":[{"name":"wp","href":"https:\/\/api.w.org\/{rel}","templated":true}]}}