{"id":2248,"date":"2025-04-02T22:28:22","date_gmt":"2025-04-03T03:28:22","guid":{"rendered":"https:\/\/mgpromocionales.co\/?post_type=product&#038;p=2248"},"modified":"2025-04-02T22:46:09","modified_gmt":"2025-04-03T03:46:09","slug":"boligrafo-belgica-stylus","status":"publish","type":"product","link":"https:\/\/mgpromocionales.co\/index.php\/product\/boligrafo-belgica-stylus\/","title":{"rendered":"Bol\u00edgrafo Belgica Stylus"},"content":{"rendered":"<h6><img loading=\"lazy\" decoding=\"async\" class=\"alignnone wp-image-2254\" src=\"https:\/\/mgpromocionales.co\/wp-content\/uploads\/2025\/04\/Boligrafo_con_Stylus_-300x155.png\" alt=\"\" width=\"79\" height=\"41\" srcset=\"https:\/\/mgpromocionales.co\/wp-content\/uploads\/2025\/04\/Boligrafo_con_Stylus_-300x155.png 300w, https:\/\/mgpromocionales.co\/wp-content\/uploads\/2025\/04\/Boligrafo_con_Stylus_.png 543w\" sizes=\"(max-width: 79px) 100vw, 79px\" \/> Stylus: Consiste en puntero de goma en un extremo de nuestro bol\u00edgrafo, un accesorio muy acorde con los nuevos tiempos. Compatible con las pantallas t\u00e1ctiles de nuestros smartphones, tablets y otros.<\/h6>\n","protected":false},"excerpt":{"rendered":"<p class=\"ng-star-inserted\">Bol\u00edgrafo Aluminio con sistema de apertura retr\u00e1ctil, touch en la parte superior, al realizar la marca la mostrara en el mismo color del touch, (se sugiere con l\u00e1ser fibra y debe calibrarse la maquina)<\/p>\n<div class=\"py-3\">\n<ul>\n<li><b>MATERIAL:\u00a0<\/b>Aluminio<\/li>\n<li><b>MEDIDAS:\u00a0<\/b>14 cm de largo.<\/li>\n<\/ul>\n<h5><strong>Colores disponibles:<img loading=\"lazy\" decoding=\"async\" class=\"alignnone wp-image-2249\" src=\"https:\/\/mgpromocionales.co\/wp-content\/uploads\/2025\/04\/Boligrafo-Belgica-Stylus.png\" alt=\"Bol\u00edgrafo Belgica Stylus\" width=\"108\" height=\"26\" \/><\/strong><\/h5>\n<\/div>\n","protected":false},"featured_media":2262,"comment_status":"open","ping_status":"closed","template":"","meta":{"_kadence_starter_templates_imported_post":false,"_kad_post_transparent":"default","_kad_post_title":"","_kad_post_layout":"default","_kad_post_sidebar_id":"","_kad_post_content_style":"default","_kad_post_vertical_padding":"default","_kad_post_feature":"","_kad_post_feature_position":"","_kad_post_header":false,"_kad_post_footer":false},"product_brand":[],"product_cat":[25,38],"product_tag":[31,29,42],"class_list":{"0":"post-2248","1":"product","2":"type-product","3":"status-publish","4":"has-post-thumbnail","6":"product_cat-boligrafos","7":"product_cat-boligrafos-metalicos","8":"product_tag-boligrafos","9":"product_tag-escritura","10":"product_tag-metalicos","12":"first","13":"instock","14":"shipping-taxable","15":"product-type-simple","16":"entry","17":"content-bg","18":"loop-entry"},"_links":{"self":[{"href":"https:\/\/mgpromocionales.co\/index.php\/wp-json\/wp\/v2\/product\/2248"}],"collection":[{"href":"https:\/\/mgpromocionales.co\/index.php\/wp-json\/wp\/v2\/product"}],"about":[{"href":"https:\/\/mgpromocionales.co\/index.php\/wp-json\/wp\/v2\/types\/product"}],"replies":[{"embeddable":true,"href":"https:\/\/mgpromocionales.co\/index.php\/wp-json\/wp\/v2\/comments?post=2248"}],"wp:featuredmedia":[{"embeddable":true,"href":"https:\/\/mgpromocionales.co\/index.php\/wp-json\/wp\/v2\/media\/2262"}],"wp:attachment":[{"href":"https:\/\/mgpromocionales.co\/index.php\/wp-json\/wp\/v2\/media?parent=2248"}],"wp:term":[{"taxonomy":"product_brand","embeddable":true,"href":"https:\/\/mgpromocionales.co\/index.php\/wp-json\/wp\/v2\/product_brand?post=2248"},{"taxonomy":"product_cat","embeddable":true,"href":"https:\/\/mgpromocionales.co\/index.php\/wp-json\/wp\/v2\/product_cat?post=2248"},{"taxonomy":"product_tag","embeddable":true,"href":"https:\/\/mgpromocionales.co\/index.php\/wp-json\/wp\/v2\/product_tag?post=2248"}],"curies":[{"name":"wp","href":"https:\/\/api.w.org\/{rel}","templated":true}]}}