{"id":2257,"date":"2025-04-02T22:41:50","date_gmt":"2025-04-03T03:41:50","guid":{"rendered":"https:\/\/mgpromocionales.co\/?post_type=product&#038;p=2257"},"modified":"2025-04-02T22:45:21","modified_gmt":"2025-04-03T03:45:21","slug":"boligrafo-cerdena","status":"publish","type":"product","link":"https:\/\/mgpromocionales.co\/index.php\/product\/boligrafo-cerdena\/","title":{"rendered":"Bol\u00edgrafo Cerde\u00f1a"},"content":{"rendered":"<h6><img loading=\"lazy\" decoding=\"async\" class=\"alignnone wp-image-2258\" src=\"https:\/\/mgpromocionales.co\/wp-content\/uploads\/2025\/04\/TINTA-GEL-300x300.png\" alt=\"\" width=\"79\" height=\"79\" srcset=\"https:\/\/mgpromocionales.co\/wp-content\/uploads\/2025\/04\/TINTA-GEL-300x300.png 300w, https:\/\/mgpromocionales.co\/wp-content\/uploads\/2025\/04\/TINTA-GEL-1024x1024.png 1024w, https:\/\/mgpromocionales.co\/wp-content\/uploads\/2025\/04\/TINTA-GEL-150x150.png 150w, https:\/\/mgpromocionales.co\/wp-content\/uploads\/2025\/04\/TINTA-GEL-768x768.png 768w, https:\/\/mgpromocionales.co\/wp-content\/uploads\/2025\/04\/TINTA-GEL-800x800.png 800w, https:\/\/mgpromocionales.co\/wp-content\/uploads\/2025\/04\/TINTA-GEL-700x700.png 700w, https:\/\/mgpromocionales.co\/wp-content\/uploads\/2025\/04\/TINTA-GEL-100x100.png 100w, https:\/\/mgpromocionales.co\/wp-content\/uploads\/2025\/04\/TINTA-GEL.png 1080w\" sizes=\"(max-width: 79px) 100vw, 79px\" \/> Este tipo de tinta tiene una muy buena duraci\u00f3n en el trazo es brillante, lo cual le da gran visibilidad. Algunos de sus usos t\u00edpicos son la ilustraci\u00f3n y la caligraf\u00eda, por lo que son ideales para artistas y personas creativas que realizan manualidades con colores intensos y llamativos.<\/h6>\n","protected":false},"excerpt":{"rendered":"<p class=\"ng-star-inserted\">Este elegante bol\u00edgrafo combina funcionalidad tiene un aspecto sofisticado y s\u00f3lido. El clip de hierro proporciona una sujeci\u00f3n segura a cualquier bolsillo o cuaderno. Tinta de gel para escritura suave y fluida, perfecta para escritura prolongada. Mecanismo de apertura Twist.<\/p>\n<div class=\"py-3\">\n<ul>\n<li><b>MATERIAL:\u00a0<\/b>Cuerpo de aluminio con clip de met\u00e1lico, tinta gel<\/li>\n<li><b>MEDIDAS:\u00a0<\/b>14 cm x 0,8 cm<\/li>\n<\/ul>\n<h5><strong>Colores disponibles: <img loading=\"lazy\" decoding=\"async\" class=\"alignnone wp-image-2256\" src=\"https:\/\/mgpromocionales.co\/wp-content\/uploads\/2025\/04\/Boligrafo-Cerdena.png\" alt=\"\" width=\"105\" height=\"24\" \/><\/strong><\/h5>\n<\/div>\n","protected":false},"featured_media":2261,"comment_status":"open","ping_status":"closed","template":"","meta":{"_kadence_starter_templates_imported_post":false,"_kad_post_transparent":"default","_kad_post_title":"","_kad_post_layout":"default","_kad_post_sidebar_id":"","_kad_post_content_style":"default","_kad_post_vertical_padding":"default","_kad_post_feature":"","_kad_post_feature_position":"","_kad_post_header":false,"_kad_post_footer":false},"product_brand":[],"product_cat":[25,38],"product_tag":[31,29,42],"class_list":{"0":"post-2257","1":"product","2":"type-product","3":"status-publish","4":"has-post-thumbnail","6":"product_cat-boligrafos","7":"product_cat-boligrafos-metalicos","8":"product_tag-boligrafos","9":"product_tag-escritura","10":"product_tag-metalicos","12":"first","13":"instock","14":"shipping-taxable","15":"product-type-simple","16":"entry","17":"content-bg","18":"loop-entry"},"_links":{"self":[{"href":"https:\/\/mgpromocionales.co\/index.php\/wp-json\/wp\/v2\/product\/2257"}],"collection":[{"href":"https:\/\/mgpromocionales.co\/index.php\/wp-json\/wp\/v2\/product"}],"about":[{"href":"https:\/\/mgpromocionales.co\/index.php\/wp-json\/wp\/v2\/types\/product"}],"replies":[{"embeddable":true,"href":"https:\/\/mgpromocionales.co\/index.php\/wp-json\/wp\/v2\/comments?post=2257"}],"wp:featuredmedia":[{"embeddable":true,"href":"https:\/\/mgpromocionales.co\/index.php\/wp-json\/wp\/v2\/media\/2261"}],"wp:attachment":[{"href":"https:\/\/mgpromocionales.co\/index.php\/wp-json\/wp\/v2\/media?parent=2257"}],"wp:term":[{"taxonomy":"product_brand","embeddable":true,"href":"https:\/\/mgpromocionales.co\/index.php\/wp-json\/wp\/v2\/product_brand?post=2257"},{"taxonomy":"product_cat","embeddable":true,"href":"https:\/\/mgpromocionales.co\/index.php\/wp-json\/wp\/v2\/product_cat?post=2257"},{"taxonomy":"product_tag","embeddable":true,"href":"https:\/\/mgpromocionales.co\/index.php\/wp-json\/wp\/v2\/product_tag?post=2257"}],"curies":[{"name":"wp","href":"https:\/\/api.w.org\/{rel}","templated":true}]}}