{"id":2291,"date":"2025-04-08T20:11:52","date_gmt":"2025-04-09T01:11:52","guid":{"rendered":"https:\/\/mgpromocionales.co\/?post_type=product&#038;p=2291"},"modified":"2025-04-08T21:56:50","modified_gmt":"2025-04-09T02:56:50","slug":"boligrafo-top-gun","status":"publish","type":"product","link":"https:\/\/mgpromocionales.co\/index.php\/product\/boligrafo-top-gun\/","title":{"rendered":"Bol\u00edgrafo Top Gun"},"content":{"rendered":"","protected":false},"excerpt":{"rendered":"<p>Bol\u00edgrafo con apertura giratoria. Cuerpo met\u00e1lico en negro mate. Parte superior de hierro y parte inferior de acero inoxidable. Recarga Parker met\u00e1lico. Clip y anillos met\u00e1licos color gun.<\/p>\n<ul>\n<li><b>MATERIAL:\u00a0<\/b>Metal.<\/li>\n<li><b>MEDIDAS:\u00a0<\/b>13.5 cm.<\/li>\n<li><strong>PESO: 30<\/strong>\u00a0Gr.<\/li>\n<li><strong>PRESENTACI\u00d3N: <\/strong>en caja de regalo<\/li>\n<\/ul>\n<h5><strong>Colores disponibles:<\/strong><strong><img loading=\"lazy\" decoding=\"async\" class=\"alignnone wp-image-2276\" src=\"https:\/\/mgpromocionales.co\/wp-content\/uploads\/2025\/04\/negro.png\" alt=\"\" width=\"27\" height=\"22\" \/><\/strong><\/h5>\n","protected":false},"featured_media":2293,"comment_status":"open","ping_status":"closed","template":"","meta":{"_kadence_starter_templates_imported_post":false,"_kad_post_transparent":"default","_kad_post_title":"","_kad_post_layout":"default","_kad_post_sidebar_id":"","_kad_post_content_style":"default","_kad_post_vertical_padding":"default","_kad_post_feature":"","_kad_post_feature_position":"","_kad_post_header":false,"_kad_post_footer":false},"product_brand":[],"product_cat":[25,38],"product_tag":[31,29,42],"class_list":{"0":"post-2291","1":"product","2":"type-product","3":"status-publish","4":"has-post-thumbnail","6":"product_cat-boligrafos","7":"product_cat-boligrafos-metalicos","8":"product_tag-boligrafos","9":"product_tag-escritura","10":"product_tag-metalicos","12":"first","13":"instock","14":"shipping-taxable","15":"product-type-simple","16":"entry","17":"content-bg","18":"loop-entry"},"_links":{"self":[{"href":"https:\/\/mgpromocionales.co\/index.php\/wp-json\/wp\/v2\/product\/2291"}],"collection":[{"href":"https:\/\/mgpromocionales.co\/index.php\/wp-json\/wp\/v2\/product"}],"about":[{"href":"https:\/\/mgpromocionales.co\/index.php\/wp-json\/wp\/v2\/types\/product"}],"replies":[{"embeddable":true,"href":"https:\/\/mgpromocionales.co\/index.php\/wp-json\/wp\/v2\/comments?post=2291"}],"wp:featuredmedia":[{"embeddable":true,"href":"https:\/\/mgpromocionales.co\/index.php\/wp-json\/wp\/v2\/media\/2293"}],"wp:attachment":[{"href":"https:\/\/mgpromocionales.co\/index.php\/wp-json\/wp\/v2\/media?parent=2291"}],"wp:term":[{"taxonomy":"product_brand","embeddable":true,"href":"https:\/\/mgpromocionales.co\/index.php\/wp-json\/wp\/v2\/product_brand?post=2291"},{"taxonomy":"product_cat","embeddable":true,"href":"https:\/\/mgpromocionales.co\/index.php\/wp-json\/wp\/v2\/product_cat?post=2291"},{"taxonomy":"product_tag","embeddable":true,"href":"https:\/\/mgpromocionales.co\/index.php\/wp-json\/wp\/v2\/product_tag?post=2291"}],"curies":[{"name":"wp","href":"https:\/\/api.w.org\/{rel}","templated":true}]}}