{"id":2300,"date":"2025-04-08T21:20:04","date_gmt":"2025-04-09T02:20:04","guid":{"rendered":"https:\/\/mgpromocionales.co\/?post_type=product&#038;p=2300"},"modified":"2025-04-08T21:20:04","modified_gmt":"2025-04-09T02:20:04","slug":"boligrafo-smoothie","status":"publish","type":"product","link":"https:\/\/mgpromocionales.co\/index.php\/product\/boligrafo-smoothie\/","title":{"rendered":"Bol\u00edgrafo Smoothie"},"content":{"rendered":"","protected":false},"excerpt":{"rendered":"<p>Bol\u00edgrafo retr\u00e1ctil con acabado engomado, muy suave al tacto, clip, pulsador y anillo met\u00e1licos color plata, tinta negra.<\/p>\n<ul>\n<li><b>MATERIAL:\u00a0<\/b>Aluminio.<\/li>\n<li><b>MEDIDAS:\u00a0<\/b>13.7 cm.<\/li>\n<\/ul>\n<h5><strong>Colores disponibles: <img loading=\"lazy\" decoding=\"async\" class=\"alignnone  wp-image-2301\" src=\"https:\/\/mgpromocionales.co\/wp-content\/uploads\/2025\/04\/Boligrafo-Smoothie-colors.png\" alt=\"Bol\u00edgrafo Smoothie\" width=\"74\" height=\"24\" \/><\/strong><\/h5>\n","protected":false},"featured_media":2303,"comment_status":"open","ping_status":"closed","template":"","meta":{"_kadence_starter_templates_imported_post":false,"_kad_post_transparent":"default","_kad_post_title":"","_kad_post_layout":"default","_kad_post_sidebar_id":"","_kad_post_content_style":"default","_kad_post_vertical_padding":"default","_kad_post_feature":"","_kad_post_feature_position":"","_kad_post_header":false,"_kad_post_footer":false},"product_brand":[],"product_cat":[25,38],"product_tag":[41,31,29,42],"class_list":{"0":"post-2300","1":"product","2":"type-product","3":"status-publish","4":"has-post-thumbnail","6":"product_cat-boligrafos","7":"product_cat-boligrafos-metalicos","8":"product_tag-aluminio","9":"product_tag-boligrafos","10":"product_tag-escritura","11":"product_tag-metalicos","13":"first","14":"instock","15":"shipping-taxable","16":"product-type-simple","17":"entry","18":"content-bg","19":"loop-entry"},"_links":{"self":[{"href":"https:\/\/mgpromocionales.co\/index.php\/wp-json\/wp\/v2\/product\/2300"}],"collection":[{"href":"https:\/\/mgpromocionales.co\/index.php\/wp-json\/wp\/v2\/product"}],"about":[{"href":"https:\/\/mgpromocionales.co\/index.php\/wp-json\/wp\/v2\/types\/product"}],"replies":[{"embeddable":true,"href":"https:\/\/mgpromocionales.co\/index.php\/wp-json\/wp\/v2\/comments?post=2300"}],"wp:featuredmedia":[{"embeddable":true,"href":"https:\/\/mgpromocionales.co\/index.php\/wp-json\/wp\/v2\/media\/2303"}],"wp:attachment":[{"href":"https:\/\/mgpromocionales.co\/index.php\/wp-json\/wp\/v2\/media?parent=2300"}],"wp:term":[{"taxonomy":"product_brand","embeddable":true,"href":"https:\/\/mgpromocionales.co\/index.php\/wp-json\/wp\/v2\/product_brand?post=2300"},{"taxonomy":"product_cat","embeddable":true,"href":"https:\/\/mgpromocionales.co\/index.php\/wp-json\/wp\/v2\/product_cat?post=2300"},{"taxonomy":"product_tag","embeddable":true,"href":"https:\/\/mgpromocionales.co\/index.php\/wp-json\/wp\/v2\/product_tag?post=2300"}],"curies":[{"name":"wp","href":"https:\/\/api.w.org\/{rel}","templated":true}]}}