{"id":2304,"date":"2025-04-08T21:28:26","date_gmt":"2025-04-09T02:28:26","guid":{"rendered":"https:\/\/mgpromocionales.co\/?post_type=product&#038;p=2304"},"modified":"2025-04-08T21:28:26","modified_gmt":"2025-04-09T02:28:26","slug":"boligrafo-tagus","status":"publish","type":"product","link":"https:\/\/mgpromocionales.co\/index.php\/product\/boligrafo-tagus\/","title":{"rendered":"Bol\u00edgrafo Tagus"},"content":{"rendered":"","protected":false},"excerpt":{"rendered":"<p>Bol\u00edgrafo retr\u00e1ctil con Grip de bamb\u00fa, clip met\u00e1lico, pulsador y puntera pl\u00e1sticas color plata, tinta negra.<\/p>\n<ul>\n<li><b>MATERIAL: <\/b>Aluminio + bamb\u00fa.<\/li>\n<li><b>MEDIDAS:\u00a0<\/b>14 cm.<\/li>\n<\/ul>\n<h5><strong>Colores disponibles:<img loading=\"lazy\" decoding=\"async\" class=\"alignnone  wp-image-2305\" src=\"https:\/\/mgpromocionales.co\/wp-content\/uploads\/2025\/04\/boligrafo-tagus-colors.png\" alt=\"\" width=\"46\" height=\"23\" \/><\/strong><\/h5>\n","protected":false},"featured_media":2307,"comment_status":"open","ping_status":"closed","template":"","meta":{"_kadence_starter_templates_imported_post":false,"_kad_post_transparent":"default","_kad_post_title":"","_kad_post_layout":"default","_kad_post_sidebar_id":"","_kad_post_content_style":"default","_kad_post_vertical_padding":"default","_kad_post_feature":"","_kad_post_feature_position":"","_kad_post_header":false,"_kad_post_footer":false},"product_brand":[],"product_cat":[25,38],"product_tag":[41,36,31,29,42],"class_list":{"0":"post-2304","1":"product","2":"type-product","3":"status-publish","4":"has-post-thumbnail","6":"product_cat-boligrafos","7":"product_cat-boligrafos-metalicos","8":"product_tag-aluminio","9":"product_tag-bambu","10":"product_tag-boligrafos","11":"product_tag-escritura","12":"product_tag-metalicos","14":"first","15":"instock","16":"shipping-taxable","17":"product-type-simple","18":"entry","19":"content-bg","20":"loop-entry"},"_links":{"self":[{"href":"https:\/\/mgpromocionales.co\/index.php\/wp-json\/wp\/v2\/product\/2304"}],"collection":[{"href":"https:\/\/mgpromocionales.co\/index.php\/wp-json\/wp\/v2\/product"}],"about":[{"href":"https:\/\/mgpromocionales.co\/index.php\/wp-json\/wp\/v2\/types\/product"}],"replies":[{"embeddable":true,"href":"https:\/\/mgpromocionales.co\/index.php\/wp-json\/wp\/v2\/comments?post=2304"}],"wp:featuredmedia":[{"embeddable":true,"href":"https:\/\/mgpromocionales.co\/index.php\/wp-json\/wp\/v2\/media\/2307"}],"wp:attachment":[{"href":"https:\/\/mgpromocionales.co\/index.php\/wp-json\/wp\/v2\/media?parent=2304"}],"wp:term":[{"taxonomy":"product_brand","embeddable":true,"href":"https:\/\/mgpromocionales.co\/index.php\/wp-json\/wp\/v2\/product_brand?post=2304"},{"taxonomy":"product_cat","embeddable":true,"href":"https:\/\/mgpromocionales.co\/index.php\/wp-json\/wp\/v2\/product_cat?post=2304"},{"taxonomy":"product_tag","embeddable":true,"href":"https:\/\/mgpromocionales.co\/index.php\/wp-json\/wp\/v2\/product_tag?post=2304"}],"curies":[{"name":"wp","href":"https:\/\/api.w.org\/{rel}","templated":true}]}}