{"id":2340,"date":"2025-04-09T15:47:16","date_gmt":"2025-04-09T20:47:16","guid":{"rendered":"https:\/\/mgpromocionales.co\/?post_type=product&#038;p=2340"},"modified":"2025-04-09T15:47:16","modified_gmt":"2025-04-09T20:47:16","slug":"boligrafo-otto","status":"publish","type":"product","link":"https:\/\/mgpromocionales.co\/index.php\/product\/boligrafo-otto\/","title":{"rendered":"Bol\u00edgrafo Otto"},"content":{"rendered":"","protected":false},"excerpt":{"rendered":"<div class=\"description\">\n<p>Bol\u00edgrafo con cuerpo pl\u00e1stico de color, bot\u00f3n pulsador y puntera color plata, tinta negra.<\/p>\n<\/div>\n<div class=\"data_sheet\"><\/div>\n<div class=\"py-3\">\n<ul>\n<li><b>MATERIAL:<\/b> Pl\u00e1stico.<\/li>\n<li><b>MEDIDAS:\u00a0<\/b>13,6 cm de largo.<\/li>\n<\/ul>\n<h5><strong>Colores disponibles:<img loading=\"lazy\" decoding=\"async\" class=\"alignnone  wp-image-2341\" src=\"https:\/\/mgpromocionales.co\/wp-content\/uploads\/2025\/04\/boligrafo-otto-colors-300x34.png\" alt=\"\" width=\"203\" height=\"23\" srcset=\"https:\/\/mgpromocionales.co\/wp-content\/uploads\/2025\/04\/boligrafo-otto-colors-300x34.png 300w, https:\/\/mgpromocionales.co\/wp-content\/uploads\/2025\/04\/boligrafo-otto-colors.png 336w\" sizes=\"(max-width: 203px) 100vw, 203px\" \/><\/strong><\/h5>\n<\/div>\n","protected":false},"featured_media":2343,"comment_status":"open","ping_status":"closed","template":"","meta":{"_kadence_starter_templates_imported_post":false,"_kad_post_transparent":"default","_kad_post_title":"","_kad_post_layout":"default","_kad_post_sidebar_id":"","_kad_post_content_style":"default","_kad_post_vertical_padding":"default","_kad_post_feature":"","_kad_post_feature_position":"","_kad_post_header":false,"_kad_post_footer":false},"product_brand":[],"product_cat":[25,43],"product_tag":[31,29],"class_list":{"0":"post-2340","1":"product","2":"type-product","3":"status-publish","4":"has-post-thumbnail","6":"product_cat-boligrafos","7":"product_cat-boligrafos-plasticos","8":"product_tag-boligrafos","9":"product_tag-escritura","11":"first","12":"instock","13":"shipping-taxable","14":"product-type-simple","15":"entry","16":"content-bg","17":"loop-entry"},"_links":{"self":[{"href":"https:\/\/mgpromocionales.co\/index.php\/wp-json\/wp\/v2\/product\/2340"}],"collection":[{"href":"https:\/\/mgpromocionales.co\/index.php\/wp-json\/wp\/v2\/product"}],"about":[{"href":"https:\/\/mgpromocionales.co\/index.php\/wp-json\/wp\/v2\/types\/product"}],"replies":[{"embeddable":true,"href":"https:\/\/mgpromocionales.co\/index.php\/wp-json\/wp\/v2\/comments?post=2340"}],"wp:featuredmedia":[{"embeddable":true,"href":"https:\/\/mgpromocionales.co\/index.php\/wp-json\/wp\/v2\/media\/2343"}],"wp:attachment":[{"href":"https:\/\/mgpromocionales.co\/index.php\/wp-json\/wp\/v2\/media?parent=2340"}],"wp:term":[{"taxonomy":"product_brand","embeddable":true,"href":"https:\/\/mgpromocionales.co\/index.php\/wp-json\/wp\/v2\/product_brand?post=2340"},{"taxonomy":"product_cat","embeddable":true,"href":"https:\/\/mgpromocionales.co\/index.php\/wp-json\/wp\/v2\/product_cat?post=2340"},{"taxonomy":"product_tag","embeddable":true,"href":"https:\/\/mgpromocionales.co\/index.php\/wp-json\/wp\/v2\/product_tag?post=2340"}],"curies":[{"name":"wp","href":"https:\/\/api.w.org\/{rel}","templated":true}]}}