{"id":2349,"date":"2025-04-09T16:21:45","date_gmt":"2025-04-09T21:21:45","guid":{"rendered":"https:\/\/mgpromocionales.co\/?post_type=product&#038;p=2349"},"modified":"2025-04-09T16:21:45","modified_gmt":"2025-04-09T21:21:45","slug":"boligrafo-croma-bicolor","status":"publish","type":"product","link":"https:\/\/mgpromocionales.co\/index.php\/product\/boligrafo-croma-bicolor\/","title":{"rendered":"Bol\u00edgrafo Croma Bicolor"},"content":{"rendered":"","protected":false},"excerpt":{"rendered":"<p>Bol\u00edgrafo retr\u00e1ctil cuerpo blanco, clip pl\u00e1stico de colores, tinta negra, sistema de bot\u00f3n push para destapar.<\/p>\n<div class=\"py-3\">\n<ul>\n<li><b>MATERIAL:<\/b> Pl\u00e1stico.<\/li>\n<li><b>MEDIDAS:\u00a0<\/b>13,6cm de largo.<\/li>\n<\/ul>\n<h5><strong>Colores disponibles clip:<\/strong><strong><img loading=\"lazy\" decoding=\"async\" class=\"alignnone  wp-image-2350\" src=\"https:\/\/mgpromocionales.co\/wp-content\/uploads\/2025\/04\/BOLIGRAFO-CROMA-II-BICOLOR-300x31.png\" alt=\"\" width=\"261\" height=\"27\" srcset=\"https:\/\/mgpromocionales.co\/wp-content\/uploads\/2025\/04\/BOLIGRAFO-CROMA-II-BICOLOR-300x31.png 300w, https:\/\/mgpromocionales.co\/wp-content\/uploads\/2025\/04\/BOLIGRAFO-CROMA-II-BICOLOR.png 420w\" sizes=\"(max-width: 261px) 100vw, 261px\" \/><\/strong><\/h5>\n<\/div>\n","protected":false},"featured_media":2351,"comment_status":"open","ping_status":"closed","template":"","meta":{"_kadence_starter_templates_imported_post":false,"_kad_post_transparent":"default","_kad_post_title":"","_kad_post_layout":"default","_kad_post_sidebar_id":"","_kad_post_content_style":"default","_kad_post_vertical_padding":"default","_kad_post_feature":"","_kad_post_feature_position":"","_kad_post_header":false,"_kad_post_footer":false},"product_brand":[],"product_cat":[25,43],"product_tag":[31,29],"class_list":{"0":"post-2349","1":"product","2":"type-product","3":"status-publish","4":"has-post-thumbnail","6":"product_cat-boligrafos","7":"product_cat-boligrafos-plasticos","8":"product_tag-boligrafos","9":"product_tag-escritura","11":"first","12":"instock","13":"shipping-taxable","14":"product-type-simple","15":"entry","16":"content-bg","17":"loop-entry"},"_links":{"self":[{"href":"https:\/\/mgpromocionales.co\/index.php\/wp-json\/wp\/v2\/product\/2349"}],"collection":[{"href":"https:\/\/mgpromocionales.co\/index.php\/wp-json\/wp\/v2\/product"}],"about":[{"href":"https:\/\/mgpromocionales.co\/index.php\/wp-json\/wp\/v2\/types\/product"}],"replies":[{"embeddable":true,"href":"https:\/\/mgpromocionales.co\/index.php\/wp-json\/wp\/v2\/comments?post=2349"}],"wp:featuredmedia":[{"embeddable":true,"href":"https:\/\/mgpromocionales.co\/index.php\/wp-json\/wp\/v2\/media\/2351"}],"wp:attachment":[{"href":"https:\/\/mgpromocionales.co\/index.php\/wp-json\/wp\/v2\/media?parent=2349"}],"wp:term":[{"taxonomy":"product_brand","embeddable":true,"href":"https:\/\/mgpromocionales.co\/index.php\/wp-json\/wp\/v2\/product_brand?post=2349"},{"taxonomy":"product_cat","embeddable":true,"href":"https:\/\/mgpromocionales.co\/index.php\/wp-json\/wp\/v2\/product_cat?post=2349"},{"taxonomy":"product_tag","embeddable":true,"href":"https:\/\/mgpromocionales.co\/index.php\/wp-json\/wp\/v2\/product_tag?post=2349"}],"curies":[{"name":"wp","href":"https:\/\/api.w.org\/{rel}","templated":true}]}}