{"id":2370,"date":"2025-04-09T17:05:43","date_gmt":"2025-04-09T22:05:43","guid":{"rendered":"https:\/\/mgpromocionales.co\/?post_type=product&#038;p=2370"},"modified":"2025-04-09T17:05:43","modified_gmt":"2025-04-09T22:05:43","slug":"boligrafo-bambu-verywood","status":"publish","type":"product","link":"https:\/\/mgpromocionales.co\/index.php\/product\/boligrafo-bambu-verywood\/","title":{"rendered":"Bol\u00edgrafo Bamb\u00fa Verywood"},"content":{"rendered":"","protected":false},"excerpt":{"rendered":"<p class=\"ng-star-inserted\">Bol\u00edgrafo con cuerpo de bamb\u00fa y punta pl\u00e1stica de diferentes colores, tinta Negra.<\/p>\n<div class=\"py-3\">\n<ul>\n<li><b>MATERIAL:<\/b> Bamb\u00fa.<\/li>\n<li><b>MEDIDAS:\u00a0<\/b>14 cm de largo.<\/li>\n<\/ul>\n<h5><strong>Colores disponibles:<img loading=\"lazy\" decoding=\"async\" class=\"alignnone  wp-image-2371\" src=\"https:\/\/mgpromocionales.co\/wp-content\/uploads\/2025\/04\/boligrafo-bambu-verywood.png\" alt=\"\" width=\"127\" height=\"25\" \/><\/strong><\/h5>\n<\/div>\n","protected":false},"featured_media":2373,"comment_status":"open","ping_status":"closed","template":"","meta":{"_kadence_starter_templates_imported_post":false,"_kad_post_transparent":"default","_kad_post_title":"","_kad_post_layout":"default","_kad_post_sidebar_id":"","_kad_post_content_style":"default","_kad_post_vertical_padding":"default","_kad_post_feature":"","_kad_post_feature_position":"","_kad_post_header":false,"_kad_post_footer":false},"product_brand":[],"product_cat":[25,39],"product_tag":[36,31,30,29],"class_list":{"0":"post-2370","1":"product","2":"type-product","3":"status-publish","4":"has-post-thumbnail","6":"product_cat-boligrafos","7":"product_cat-boligrafos-ecologicos","8":"product_tag-bambu","9":"product_tag-boligrafos","10":"product_tag-ecologicos","11":"product_tag-escritura","13":"first","14":"instock","15":"shipping-taxable","16":"product-type-simple","17":"entry","18":"content-bg","19":"loop-entry"},"_links":{"self":[{"href":"https:\/\/mgpromocionales.co\/index.php\/wp-json\/wp\/v2\/product\/2370"}],"collection":[{"href":"https:\/\/mgpromocionales.co\/index.php\/wp-json\/wp\/v2\/product"}],"about":[{"href":"https:\/\/mgpromocionales.co\/index.php\/wp-json\/wp\/v2\/types\/product"}],"replies":[{"embeddable":true,"href":"https:\/\/mgpromocionales.co\/index.php\/wp-json\/wp\/v2\/comments?post=2370"}],"wp:featuredmedia":[{"embeddable":true,"href":"https:\/\/mgpromocionales.co\/index.php\/wp-json\/wp\/v2\/media\/2373"}],"wp:attachment":[{"href":"https:\/\/mgpromocionales.co\/index.php\/wp-json\/wp\/v2\/media?parent=2370"}],"wp:term":[{"taxonomy":"product_brand","embeddable":true,"href":"https:\/\/mgpromocionales.co\/index.php\/wp-json\/wp\/v2\/product_brand?post=2370"},{"taxonomy":"product_cat","embeddable":true,"href":"https:\/\/mgpromocionales.co\/index.php\/wp-json\/wp\/v2\/product_cat?post=2370"},{"taxonomy":"product_tag","embeddable":true,"href":"https:\/\/mgpromocionales.co\/index.php\/wp-json\/wp\/v2\/product_tag?post=2370"}],"curies":[{"name":"wp","href":"https:\/\/api.w.org\/{rel}","templated":true}]}}