{"id":2374,"date":"2025-04-09T19:17:13","date_gmt":"2025-04-10T00:17:13","guid":{"rendered":"https:\/\/mgpromocionales.co\/?post_type=product&#038;p=2374"},"modified":"2025-04-09T19:17:13","modified_gmt":"2025-04-10T00:17:13","slug":"boligrafo-atenea-stylus","status":"publish","type":"product","link":"https:\/\/mgpromocionales.co\/index.php\/product\/boligrafo-atenea-stylus\/","title":{"rendered":"Bol\u00edgrafo Atenea Stylus"},"content":{"rendered":"<h6><img loading=\"lazy\" decoding=\"async\" class=\"alignnone wp-image-2254\" src=\"https:\/\/mgpromocionales.co\/wp-content\/uploads\/2025\/04\/Boligrafo_con_Stylus_-300x155.png\" alt=\"\" width=\"79\" height=\"41\" srcset=\"https:\/\/mgpromocionales.co\/wp-content\/uploads\/2025\/04\/Boligrafo_con_Stylus_-300x155.png 300w, https:\/\/mgpromocionales.co\/wp-content\/uploads\/2025\/04\/Boligrafo_con_Stylus_.png 543w\" sizes=\"(max-width: 79px) 100vw, 79px\" \/> Stylus: Consiste en puntero de goma en un extremo de nuestro bol\u00edgrafo, un accesorio muy acorde con los nuevos tiempos. Compatible con las pantallas t\u00e1ctiles de nuestros smartphones, tablets y otros.<\/h6>\n","protected":false},"excerpt":{"rendered":"<p class=\"ng-star-inserted\">Bol\u00edgrafo pl\u00e1stico con acabado mate incluye holder y stylus para dispositivos de pantalla t\u00e1ctil. Sistema de apertura twist.<\/p>\n<div class=\"py-3\">\n<ul>\n<li><b>MATERIAL:<\/b> Pl\u00e1stico ABS.<\/li>\n<li><b>MEDIDAS:\u00a0<\/b>14 cm de largo.<\/li>\n<\/ul>\n<h5><strong>Colores disponibles:<img loading=\"lazy\" decoding=\"async\" class=\"alignnone  wp-image-2376\" src=\"https:\/\/mgpromocionales.co\/wp-content\/uploads\/2025\/04\/Boligrafo-Atenea-Stylus.png\" alt=\"\" width=\"125\" height=\"21\" \/><\/strong><\/h5>\n<\/div>\n","protected":false},"featured_media":2377,"comment_status":"open","ping_status":"closed","template":"","meta":{"_kadence_starter_templates_imported_post":false,"_kad_post_transparent":"default","_kad_post_title":"","_kad_post_layout":"default","_kad_post_sidebar_id":"","_kad_post_content_style":"default","_kad_post_vertical_padding":"default","_kad_post_feature":"","_kad_post_feature_position":"","_kad_post_header":false,"_kad_post_footer":false},"product_brand":[],"product_cat":[25,43],"product_tag":[31,29,44],"class_list":{"0":"post-2374","1":"product","2":"type-product","3":"status-publish","4":"has-post-thumbnail","6":"product_cat-boligrafos","7":"product_cat-boligrafos-plasticos","8":"product_tag-boligrafos","9":"product_tag-escritura","10":"product_tag-stylus","12":"first","13":"instock","14":"shipping-taxable","15":"product-type-simple","16":"entry","17":"content-bg","18":"loop-entry"},"_links":{"self":[{"href":"https:\/\/mgpromocionales.co\/index.php\/wp-json\/wp\/v2\/product\/2374"}],"collection":[{"href":"https:\/\/mgpromocionales.co\/index.php\/wp-json\/wp\/v2\/product"}],"about":[{"href":"https:\/\/mgpromocionales.co\/index.php\/wp-json\/wp\/v2\/types\/product"}],"replies":[{"embeddable":true,"href":"https:\/\/mgpromocionales.co\/index.php\/wp-json\/wp\/v2\/comments?post=2374"}],"wp:featuredmedia":[{"embeddable":true,"href":"https:\/\/mgpromocionales.co\/index.php\/wp-json\/wp\/v2\/media\/2377"}],"wp:attachment":[{"href":"https:\/\/mgpromocionales.co\/index.php\/wp-json\/wp\/v2\/media?parent=2374"}],"wp:term":[{"taxonomy":"product_brand","embeddable":true,"href":"https:\/\/mgpromocionales.co\/index.php\/wp-json\/wp\/v2\/product_brand?post=2374"},{"taxonomy":"product_cat","embeddable":true,"href":"https:\/\/mgpromocionales.co\/index.php\/wp-json\/wp\/v2\/product_cat?post=2374"},{"taxonomy":"product_tag","embeddable":true,"href":"https:\/\/mgpromocionales.co\/index.php\/wp-json\/wp\/v2\/product_tag?post=2374"}],"curies":[{"name":"wp","href":"https:\/\/api.w.org\/{rel}","templated":true}]}}