{"id":2408,"date":"2025-04-09T20:11:15","date_gmt":"2025-04-10T01:11:15","guid":{"rendered":"https:\/\/mgpromocionales.co\/?post_type=product&#038;p=2408"},"modified":"2025-04-09T20:11:16","modified_gmt":"2025-04-10T01:11:16","slug":"boligrafo-siena-solido","status":"publish","type":"product","link":"https:\/\/mgpromocionales.co\/index.php\/product\/boligrafo-siena-solido\/","title":{"rendered":"Bol\u00edgrafo Siena s\u00f3lido"},"content":{"rendered":"","protected":false},"excerpt":{"rendered":"<p class=\"ng-star-inserted\">Bol\u00edgrafo\u00a0 compacto y pr\u00e1ctico, combina funcionalidad y estilo en un dise\u00f1o s\u00f3lido y moderno. Es duradero y ligero su mecanismo de apertura es retr\u00e1ctil.<\/p>\n<div class=\"py-3\">\n<ul>\n<li><b>MATERIAL:<\/b> Pl\u00e1stico.<\/li>\n<li><b>MEDIDAS:\u00a0<\/b>14,5cm de largo.<\/li>\n<\/ul>\n<h5><strong>Colores disponibles:<\/strong><img loading=\"lazy\" decoding=\"async\" class=\"alignnone  wp-image-2409\" src=\"https:\/\/mgpromocionales.co\/wp-content\/uploads\/2025\/04\/ES0991-Boligrafo-Siena-solido-colores.png\" alt=\"\" width=\"172\" height=\"21\" \/><\/h5>\n<\/div>\n","protected":false},"featured_media":2411,"comment_status":"open","ping_status":"closed","template":"","meta":{"_kadence_starter_templates_imported_post":false,"_kad_post_transparent":"default","_kad_post_title":"","_kad_post_layout":"default","_kad_post_sidebar_id":"","_kad_post_content_style":"default","_kad_post_vertical_padding":"default","_kad_post_feature":"","_kad_post_feature_position":"","_kad_post_header":false,"_kad_post_footer":false},"product_brand":[],"product_cat":[25,43],"product_tag":[31,29],"class_list":{"0":"post-2408","1":"product","2":"type-product","3":"status-publish","4":"has-post-thumbnail","6":"product_cat-boligrafos","7":"product_cat-boligrafos-plasticos","8":"product_tag-boligrafos","9":"product_tag-escritura","11":"first","12":"instock","13":"shipping-taxable","14":"product-type-simple","15":"entry","16":"content-bg","17":"loop-entry"},"_links":{"self":[{"href":"https:\/\/mgpromocionales.co\/index.php\/wp-json\/wp\/v2\/product\/2408"}],"collection":[{"href":"https:\/\/mgpromocionales.co\/index.php\/wp-json\/wp\/v2\/product"}],"about":[{"href":"https:\/\/mgpromocionales.co\/index.php\/wp-json\/wp\/v2\/types\/product"}],"replies":[{"embeddable":true,"href":"https:\/\/mgpromocionales.co\/index.php\/wp-json\/wp\/v2\/comments?post=2408"}],"wp:featuredmedia":[{"embeddable":true,"href":"https:\/\/mgpromocionales.co\/index.php\/wp-json\/wp\/v2\/media\/2411"}],"wp:attachment":[{"href":"https:\/\/mgpromocionales.co\/index.php\/wp-json\/wp\/v2\/media?parent=2408"}],"wp:term":[{"taxonomy":"product_brand","embeddable":true,"href":"https:\/\/mgpromocionales.co\/index.php\/wp-json\/wp\/v2\/product_brand?post=2408"},{"taxonomy":"product_cat","embeddable":true,"href":"https:\/\/mgpromocionales.co\/index.php\/wp-json\/wp\/v2\/product_cat?post=2408"},{"taxonomy":"product_tag","embeddable":true,"href":"https:\/\/mgpromocionales.co\/index.php\/wp-json\/wp\/v2\/product_tag?post=2408"}],"curies":[{"name":"wp","href":"https:\/\/api.w.org\/{rel}","templated":true}]}}