{"id":2485,"date":"2025-04-23T22:36:23","date_gmt":"2025-04-24T03:36:23","guid":{"rendered":"https:\/\/mgpromocionales.co\/?post_type=product&#038;p=2485"},"modified":"2025-04-23T22:36:23","modified_gmt":"2025-04-24T03:36:23","slug":"set-de-memos-belief","status":"publish","type":"product","link":"https:\/\/mgpromocionales.co\/index.php\/product\/set-de-memos-belief\/","title":{"rendered":"Set de memos Belief"},"content":{"rendered":"","protected":false},"excerpt":{"rendered":"<p class=\"ng-star-inserted\">Set de bloc de notas, tapa de cart\u00f3n, tama\u00f1o A5, 80 hojas con pegatinas de colores, regla, bol\u00edgrafo, sacapuntas, borrador y l\u00e1pices.<\/p>\n<div class=\"py-3\">\n<ul>\n<li><b>MATERIAL:\u00a0<\/b>Papel + Cubierta en cart\u00f3n. Madera<\/li>\n<li><b>MEDIDAS:\u00a0<\/b>15,2 cm x 21 cm x 2,5 cm 28,5 cm x 25 cm x 1,6 ABIERTO<\/li>\n<\/ul>\n<h5><strong>Colores disponibles: <img loading=\"lazy\" decoding=\"async\" class=\"alignnone wp-image-2190\" src=\"https:\/\/mgpromocionales.co\/wp-content\/uploads\/2025\/04\/Boligrafo-Lagos-Bambu.png\" alt=\"\" width=\"28\" height=\"29\" \/><\/strong><\/h5>\n<\/div>\n","protected":false},"featured_media":2486,"comment_status":"open","ping_status":"closed","template":"","meta":{"_kadence_starter_templates_imported_post":false,"_kad_post_transparent":"default","_kad_post_title":"","_kad_post_layout":"default","_kad_post_sidebar_id":"","_kad_post_content_style":"default","_kad_post_vertical_padding":"default","_kad_post_feature":"","_kad_post_feature_position":"","_kad_post_header":false,"_kad_post_footer":false},"product_brand":[],"product_cat":[50,32],"product_tag":[53,30,52,51],"class_list":{"0":"post-2485","1":"product","2":"type-product","3":"status-publish","4":"has-post-thumbnail","6":"product_cat-oficina-y-negocios","7":"product_cat-articulos-de-oficina","8":"product_tag-bloc-notas","9":"product_tag-ecologicos","10":"product_tag-libreta-de-notas","11":"product_tag-libreta-ecologica","13":"first","14":"instock","15":"shipping-taxable","16":"product-type-simple","17":"entry","18":"content-bg","19":"loop-entry"},"_links":{"self":[{"href":"https:\/\/mgpromocionales.co\/index.php\/wp-json\/wp\/v2\/product\/2485"}],"collection":[{"href":"https:\/\/mgpromocionales.co\/index.php\/wp-json\/wp\/v2\/product"}],"about":[{"href":"https:\/\/mgpromocionales.co\/index.php\/wp-json\/wp\/v2\/types\/product"}],"replies":[{"embeddable":true,"href":"https:\/\/mgpromocionales.co\/index.php\/wp-json\/wp\/v2\/comments?post=2485"}],"wp:featuredmedia":[{"embeddable":true,"href":"https:\/\/mgpromocionales.co\/index.php\/wp-json\/wp\/v2\/media\/2486"}],"wp:attachment":[{"href":"https:\/\/mgpromocionales.co\/index.php\/wp-json\/wp\/v2\/media?parent=2485"}],"wp:term":[{"taxonomy":"product_brand","embeddable":true,"href":"https:\/\/mgpromocionales.co\/index.php\/wp-json\/wp\/v2\/product_brand?post=2485"},{"taxonomy":"product_cat","embeddable":true,"href":"https:\/\/mgpromocionales.co\/index.php\/wp-json\/wp\/v2\/product_cat?post=2485"},{"taxonomy":"product_tag","embeddable":true,"href":"https:\/\/mgpromocionales.co\/index.php\/wp-json\/wp\/v2\/product_tag?post=2485"}],"curies":[{"name":"wp","href":"https:\/\/api.w.org\/{rel}","templated":true}]}}