{"id":2496,"date":"2025-08-17T21:20:21","date_gmt":"2025-08-18T02:20:21","guid":{"rendered":"https:\/\/mgpromocionales.co\/?post_type=product&#038;p=2496"},"modified":"2025-08-17T21:26:39","modified_gmt":"2025-08-18T02:26:39","slug":"botella-dominion-650-ml","status":"publish","type":"product","link":"https:\/\/mgpromocionales.co\/index.php\/product\/botella-dominion-650-ml\/","title":{"rendered":"Botella Dominion 650 ml"},"content":{"rendered":"<h6><img loading=\"lazy\" decoding=\"async\" class=\"alignnone wp-image-2499\" src=\"https:\/\/mgpromocionales.co\/wp-content\/uploads\/2025\/08\/RPET.png\" alt=\"\" width=\"91\" height=\"34\" \/><em><strong><span dir=\"auto\" style=\"vertical-align: inherit;\"><span dir=\"auto\" style=\"vertical-align: inherit;\">RPET<\/span><\/span><\/strong><\/em><span dir=\"auto\" style=\"vertical-align: inherit;\"><span dir=\"auto\" style=\"vertical-align: inherit;\"> significa Tereftalato de Polietileno Reciclado o PET Reciclado. El PET es un material resistente, duradero y reciclable que se usa para botellas de refrescos, botellas de agua y frascos de alimentos, mientras que el RPET se puede convertir en productos como mantas, aislamientos, piezas de autom\u00f3viles, zapatos y m\u00e1s.<\/span><\/span><\/h6>\n<p>&nbsp;<\/p>\n","protected":false},"excerpt":{"rendered":"<p class=\"ng-star-inserted\"><span dir=\"auto\" style=\"vertical-align: inherit;\"><span dir=\"auto\" style=\"vertical-align: inherit;\">Botella de RPET con tap\u00f3n de bamb\u00fa PP. Incluye manija para transporte. Capacidad: 650 ml \/ 22 Oz.<\/span><\/span><\/p>\n<div class=\"py-3\">\n<ul>\n<li><b><span dir=\"auto\" style=\"vertical-align: inherit;\"><span dir=\"auto\" style=\"vertical-align: inherit;\">MATERIAL:\u00a0<\/span><\/span><\/b><span dir=\"auto\" style=\"vertical-align: inherit;\"><span dir=\"auto\" style=\"vertical-align: inherit;\"> TELA DE ROPA<\/span><\/span><\/li>\n<li><b><span dir=\"auto\" style=\"vertical-align: inherit;\"><span dir=\"auto\" style=\"vertical-align: inherit;\">MEDIDAS:\u00a0<\/span><\/span><\/b><span dir=\"auto\" style=\"vertical-align: inherit;\"><span dir=\"auto\" style=\"vertical-align: inherit;\"> Formato: (Alto X Di\u00e1metro): Con Tapa: (21,2 X \u00d8 6,9). Sin Tapa: (9,3 X \u00d8 6,9).\u00a0<\/span><\/span><\/li>\n<\/ul>\n<h5><strong><span dir=\"auto\" style=\"vertical-align: inherit;\"><span dir=\"auto\" style=\"vertical-align: inherit;\">Colores disponibles:<\/span><\/span><\/strong><img loading=\"lazy\" decoding=\"async\" class=\"alignnone wp-image-2498\" src=\"https:\/\/mgpromocionales.co\/wp-content\/uploads\/2025\/04\/Botella-Dominion-650-ml.png\" alt=\"\" width=\"70\" height=\"20\" \/><\/h5>\n<\/div>\n","protected":false},"featured_media":2503,"comment_status":"open","ping_status":"closed","template":"","meta":{"_kadence_starter_templates_imported_post":false,"_kad_post_transparent":"default","_kad_post_title":"","_kad_post_layout":"default","_kad_post_sidebar_id":"","_kad_post_content_style":"default","_kad_post_vertical_padding":"default","_kad_post_feature":"","_kad_post_feature_position":"","_kad_post_header":false,"_kad_post_footer":false},"product_brand":[],"product_cat":[54,18],"product_tag":[28,55,57,56,58],"class_list":{"0":"post-2496","1":"product","2":"type-product","3":"status-publish","4":"has-post-thumbnail","6":"product_cat-termos-plasticos-ecologicos","7":"product_cat-bebidas","8":"product_tag-bebidas","9":"product_tag-botilitos-ecologicos","10":"product_tag-botilitos-plasticos","11":"product_tag-rpet","12":"product_tag-termos","14":"first","15":"instock","16":"shipping-taxable","17":"product-type-simple","18":"entry","19":"content-bg","20":"loop-entry"},"_links":{"self":[{"href":"https:\/\/mgpromocionales.co\/index.php\/wp-json\/wp\/v2\/product\/2496"}],"collection":[{"href":"https:\/\/mgpromocionales.co\/index.php\/wp-json\/wp\/v2\/product"}],"about":[{"href":"https:\/\/mgpromocionales.co\/index.php\/wp-json\/wp\/v2\/types\/product"}],"replies":[{"embeddable":true,"href":"https:\/\/mgpromocionales.co\/index.php\/wp-json\/wp\/v2\/comments?post=2496"}],"wp:featuredmedia":[{"embeddable":true,"href":"https:\/\/mgpromocionales.co\/index.php\/wp-json\/wp\/v2\/media\/2503"}],"wp:attachment":[{"href":"https:\/\/mgpromocionales.co\/index.php\/wp-json\/wp\/v2\/media?parent=2496"}],"wp:term":[{"taxonomy":"product_brand","embeddable":true,"href":"https:\/\/mgpromocionales.co\/index.php\/wp-json\/wp\/v2\/product_brand?post=2496"},{"taxonomy":"product_cat","embeddable":true,"href":"https:\/\/mgpromocionales.co\/index.php\/wp-json\/wp\/v2\/product_cat?post=2496"},{"taxonomy":"product_tag","embeddable":true,"href":"https:\/\/mgpromocionales.co\/index.php\/wp-json\/wp\/v2\/product_tag?post=2496"}],"curies":[{"name":"wp","href":"https:\/\/api.w.org\/{rel}","templated":true}]}}