{"id":648,"date":"2020-10-26T21:15:46","date_gmt":"2020-10-26T18:15:46","guid":{"rendered":"https:\/\/startertemplatecloud.com\/g02\/product\/mug-bheart\/"},"modified":"2025-04-01T19:02:36","modified_gmt":"2025-04-02T00:02:36","slug":"boligrafo-palermo-coffee","status":"publish","type":"product","link":"https:\/\/mgpromocionales.co\/index.php\/product\/boligrafo-palermo-coffee\/","title":{"rendered":"Bol\u00edgrafo Palermo Coffee"},"content":{"rendered":"<h6><img loading=\"lazy\" decoding=\"async\" class=\"alignnone wp-image-2038\" src=\"https:\/\/mgpromocionales.co\/wp-content\/uploads\/2020\/10\/CAFE-300x300.png\" alt=\"Fibra de caf\u00e9\" width=\"92\" height=\"97\" \/><span style=\"vertical-align: inherit;\"><span style=\"vertical-align: inherit;\">La fibra de caf\u00e9 molido es un material innovador y sostenible que se utiliza para fabricar pl\u00e1sticos biodegradables. El caf\u00e9 molido contiene celulosa, un componente clave para fabricar pl\u00e1sticos biodegradables. Los investigadores han demostrado que las fibras de celulosa extra\u00eddas del caf\u00e9 molido pueden mezclarse f\u00e1cilmente con alcohol polivin\u00edlico para crear un pl\u00e1stico compuesto. Este pl\u00e1stico es una alternativa sostenible a los pl\u00e1sticos tradicionales derivados del petr\u00f3leo.<\/span><\/span><\/h6>\n","protected":false},"excerpt":{"rendered":"<div class=\"py-3\">\n<p class=\"ng-star-inserted\"><span style=\"vertical-align: inherit;\"><span style=\"vertical-align: inherit;\"><span style=\"vertical-align: inherit;\"><span style=\"vertical-align: inherit;\">Bol\u00edgrafo ecol\u00f3gico elaborado de una mezcla de pl\u00e1stico ABS con fibra de caf\u00e9. Sistema retr\u00e1ctil.<\/span><\/span><\/span><\/span><\/p>\n<div class=\"py-3\">\n<ul>\n<li><b><span style=\"vertical-align: inherit;\"><span style=\"vertical-align: inherit;\"><span style=\"vertical-align: inherit;\"><span style=\"vertical-align: inherit;\">MATERIAL:\u00a0<\/span><\/span><\/span><\/span><\/b><span style=\"vertical-align: inherit;\"><span style=\"vertical-align: inherit;\"><span style=\"vertical-align: inherit;\"><span style=\"vertical-align: inherit;\"> \u00a0Fibra de Caf\u00e9 + ABS<\/span><\/span><\/span><\/span><\/li>\n<li><b><span style=\"vertical-align: inherit;\"><span style=\"vertical-align: inherit;\"><span style=\"vertical-align: inherit;\"><span style=\"vertical-align: inherit;\">MEDIDAS:\u00a0<\/span><\/span><\/span><\/span><\/b><span style=\"vertical-align: inherit;\"><span style=\"vertical-align: inherit;\"><span style=\"vertical-align: inherit;\"><span style=\"vertical-align: inherit;\"> \u00a013,7 cm x 1 cm.<\/span><\/span><\/span><\/span><\/li>\n<\/ul>\n<h5>Colores disponibles: <img loading=\"lazy\" decoding=\"async\" class=\"wp-image-2081 alignnone\" src=\"https:\/\/mgpromocionales.co\/wp-content\/uploads\/2020\/10\/cafe-bol.png\" alt=\"\" width=\"21\" height=\"26\" \/><\/h5>\n<\/div>\n<\/div>\n","protected":false},"featured_media":2048,"comment_status":"closed","ping_status":"closed","template":"","meta":{"_kadence_starter_templates_imported_post":true,"_kad_post_transparent":"default","_kad_post_title":"","_kad_post_layout":"default","_kad_post_sidebar_id":"","_kad_post_content_style":"default","_kad_post_vertical_padding":"default","_kad_post_feature":"","_kad_post_feature_position":"","_kad_post_header":false,"_kad_post_footer":false},"product_brand":[],"product_cat":[25,39],"product_tag":[31,30,29],"class_list":{"0":"post-648","1":"product","2":"type-product","3":"status-publish","4":"has-post-thumbnail","6":"product_cat-boligrafos","7":"product_cat-boligrafos-ecologicos","8":"product_tag-boligrafos","9":"product_tag-ecologicos","10":"product_tag-escritura","12":"first","13":"instock","14":"featured","15":"shipping-taxable","16":"product-type-simple","17":"entry","18":"content-bg","19":"loop-entry"},"_links":{"self":[{"href":"https:\/\/mgpromocionales.co\/index.php\/wp-json\/wp\/v2\/product\/648"}],"collection":[{"href":"https:\/\/mgpromocionales.co\/index.php\/wp-json\/wp\/v2\/product"}],"about":[{"href":"https:\/\/mgpromocionales.co\/index.php\/wp-json\/wp\/v2\/types\/product"}],"replies":[{"embeddable":true,"href":"https:\/\/mgpromocionales.co\/index.php\/wp-json\/wp\/v2\/comments?post=648"}],"wp:featuredmedia":[{"embeddable":true,"href":"https:\/\/mgpromocionales.co\/index.php\/wp-json\/wp\/v2\/media\/2048"}],"wp:attachment":[{"href":"https:\/\/mgpromocionales.co\/index.php\/wp-json\/wp\/v2\/media?parent=648"}],"wp:term":[{"taxonomy":"product_brand","embeddable":true,"href":"https:\/\/mgpromocionales.co\/index.php\/wp-json\/wp\/v2\/product_brand?post=648"},{"taxonomy":"product_cat","embeddable":true,"href":"https:\/\/mgpromocionales.co\/index.php\/wp-json\/wp\/v2\/product_cat?post=648"},{"taxonomy":"product_tag","embeddable":true,"href":"https:\/\/mgpromocionales.co\/index.php\/wp-json\/wp\/v2\/product_tag?post=648"}],"curies":[{"name":"wp","href":"https:\/\/api.w.org\/{rel}","templated":true}]}}